{"id":1463,"date":"2025-11-13T22:19:03","date_gmt":"2025-11-13T22:19:03","guid":{"rendered":"https:\/\/www.qvantumlongevitycenter.com\/nuestra-mision\/"},"modified":"2026-03-13T22:08:01","modified_gmt":"2026-03-13T22:08:01","slug":"nuestra-mision","status":"publish","type":"page","link":"https:\/\/www.qvantumlongevitycenter.com\/es\/nuestra-mision\/","title":{"rendered":"Nuestra misi\u00f3n"},"content":{"rendered":"\t\t<div data-elementor-type=\"wp-page\" data-elementor-id=\"1463\" class=\"elementor elementor-1463 elementor-90\" data-elementor-post-type=\"page\">\n\t\t\t\t<div class=\"elementor-element elementor-element-d9d01c9 e-con-full e-flex e-con e-parent\" data-id=\"d9d01c9\" data-element_type=\"container\" data-e-type=\"container\" data-settings=\"{&quot;background_background&quot;:&quot;classic&quot;}\">\n\t\t<div class=\"elementor-element elementor-element-7eaabcc2 e-con-full e-flex e-con e-child\" data-id=\"7eaabcc2\" data-element_type=\"container\" data-e-type=\"container\">\n\t\t\t\t<div class=\"elementor-element elementor-element-8e5ec7e elementor-widget elementor-widget-menu-anchor\" data-id=\"8e5ec7e\" data-element_type=\"widget\" data-e-type=\"widget\" data-widget_type=\"menu-anchor.default\">\n\t\t\t\t\t\t\t<div class=\"elementor-menu-anchor\" id=\"content-start\"><\/div>\n\t\t\t\t\t\t<\/div>\n\t\t<div class=\"elementor-element elementor-element-30296404 e-con-full e-flex e-con e-child\" data-id=\"30296404\" data-element_type=\"container\" data-e-type=\"container\">\n\t\t\t\t<div class=\"elementor-element elementor-element-18c18f3c elementor-widget elementor-widget-heading\" data-id=\"18c18f3c\" data-element_type=\"widget\" data-e-type=\"widget\" id=\"firstheading\" data-widget_type=\"heading.default\">\n\t\t\t\t\t<h1 class=\"elementor-heading-title elementor-size-default\">Nuestra<br><b>misi\u00f3n<\/b><\/h1>\t\t\t\t<\/div>\n\t\t\t\t<div class=\"elementor-element elementor-element-3bb13546 elementor-widget-divider--view-line elementor-widget elementor-widget-divider\" data-id=\"3bb13546\" data-element_type=\"widget\" data-e-type=\"widget\" data-widget_type=\"divider.default\">\n\t\t\t\t\t\t\t<div class=\"elementor-divider\">\n\t\t\t<span class=\"elementor-divider-separator\">\n\t\t\t\t\t\t<\/span>\n\t\t<\/div>\n\t\t\t\t\t\t<\/div>\n\t\t\t\t<div class=\"elementor-element elementor-element-627a6aaa elementor-widget elementor-widget-text-editor\" data-id=\"627a6aaa\" data-element_type=\"widget\" data-e-type=\"widget\" data-widget_type=\"text-editor.default\">\n\t\t\t\t\t\t\t\t\t<p>Repensar la salud: de forma integral, preventiva y orientada al futuro.<\/p><p>En el Qvantum Longevity Center vamos m\u00e1s all\u00e1 de lo que ofrecen los centros de longevidad cl\u00e1sicos.<\/p><p>Apostamos por <strong>las tecnolog\u00edas del tercer milenio<\/strong> &#8211; <strong>tecnolog\u00edas de frecuencia seg\u00fan Tesla, medicina energ\u00e9tica de vanguardia y bienestar de alta tecnolog\u00eda<\/strong>\u2014 y las combinamos con un profundo conocimiento del ser humano en su totalidad: cuerpo, mente, alma y forma energ\u00e9tica.<\/p>\t\t\t\t\t\t\t\t<\/div>\n\t\t\t\t<div class=\"elementor-element elementor-element-34adb70e elementor-tablet-align-center elementor-invisible elementor-widget elementor-widget-button\" data-id=\"34adb70e\" data-element_type=\"widget\" data-e-type=\"widget\" data-settings=\"{&quot;_animation&quot;:&quot;fadeInLeft&quot;}\" data-widget_type=\"button.default\">\n\t\t\t\t\t\t\t\t\t\t<a class=\"elementor-button elementor-button-link elementor-size-sm elementor-animation-shrink\" href=\"#elementor-action%3Aaction%3Dpopup%3Aopen%26settings%3DeyJpZCI6MTU0OCwidG9nZ2xlIjpmYWxzZX0%3D\">\n\t\t\t\t\t\t<span class=\"elementor-button-content-wrapper\">\n\t\t\t\t\t\t\t\t\t<span class=\"elementor-button-text\">Reservar cita ahora<\/span>\n\t\t\t\t\t<\/span>\n\t\t\t\t\t<\/a>\n\t\t\t\t\t\t\t\t<\/div>\n\t\t\t\t<\/div>\n\t\t<div class=\"elementor-element elementor-element-1ef0a73f e-con-full e-flex e-con e-child\" data-id=\"1ef0a73f\" data-element_type=\"container\" data-e-type=\"container\" data-settings=\"{&quot;background_background&quot;:&quot;classic&quot;,&quot;background_motion_fx_motion_fx_scrolling&quot;:&quot;yes&quot;,&quot;background_motion_fx_scale_effect&quot;:&quot;yes&quot;,&quot;background_motion_fx_scale_range&quot;:{&quot;unit&quot;:&quot;%&quot;,&quot;size&quot;:&quot;&quot;,&quot;sizes&quot;:{&quot;start&quot;:22,&quot;end&quot;:100}},&quot;background_motion_fx_scale_direction&quot;:&quot;out-in&quot;,&quot;background_motion_fx_scale_speed&quot;:{&quot;unit&quot;:&quot;px&quot;,&quot;size&quot;:4,&quot;sizes&quot;:[]},&quot;background_motion_fx_devices&quot;:[&quot;widescreen&quot;,&quot;desktop&quot;,&quot;laptop&quot;,&quot;tablet_extra&quot;,&quot;tablet&quot;,&quot;mobile_extra&quot;,&quot;mobile&quot;]}\">\n\t\t\t\t<div class=\"elementor-element elementor-element-5df54aa elementor-widget elementor-widget-image\" data-id=\"5df54aa\" data-element_type=\"widget\" data-e-type=\"widget\" data-settings=\"{&quot;motion_fx_motion_fx_scrolling&quot;:&quot;yes&quot;,&quot;motion_fx_scale_effect&quot;:&quot;yes&quot;,&quot;motion_fx_scale_direction&quot;:&quot;out-in&quot;,&quot;motion_fx_scale_speed&quot;:{&quot;unit&quot;:&quot;px&quot;,&quot;size&quot;:4,&quot;sizes&quot;:[]},&quot;motion_fx_scale_range&quot;:{&quot;unit&quot;:&quot;%&quot;,&quot;size&quot;:&quot;&quot;,&quot;sizes&quot;:{&quot;start&quot;:20,&quot;end&quot;:80}},&quot;motion_fx_devices&quot;:[&quot;widescreen&quot;,&quot;desktop&quot;,&quot;laptop&quot;,&quot;tablet_extra&quot;,&quot;tablet&quot;,&quot;mobile_extra&quot;,&quot;mobile&quot;]}\" data-widget_type=\"image.default\">\n\t\t\t\t\t\t\t\t\t\t\t\t\t\t\t<img fetchpriority=\"high\" decoding=\"async\" width=\"800\" height=\"491\" src=\"https:\/\/www.qvantumlongevitycenter.com\/wp-content\/uploads\/2025\/11\/gesicht-paritkel-e1763133747435-1024x628.jpg\" class=\"attachment-large size-large wp-image-1447\" alt=\"\" srcset=\"https:\/\/www.qvantumlongevitycenter.com\/wp-content\/uploads\/2025\/11\/gesicht-paritkel-e1763133747435-1024x628.jpg 1024w, https:\/\/www.qvantumlongevitycenter.com\/wp-content\/uploads\/2025\/11\/gesicht-paritkel-e1763133747435-300x184.jpg 300w, https:\/\/www.qvantumlongevitycenter.com\/wp-content\/uploads\/2025\/11\/gesicht-paritkel-e1763133747435-768x471.jpg 768w, https:\/\/www.qvantumlongevitycenter.com\/wp-content\/uploads\/2025\/11\/gesicht-paritkel-e1763133747435-1536x942.jpg 1536w, https:\/\/www.qvantumlongevitycenter.com\/wp-content\/uploads\/2025\/11\/gesicht-paritkel-e1763133747435.jpg 1920w\" sizes=\"(max-width: 800px) 100vw, 800px\" \/>\t\t\t\t\t\t\t\t\t\t\t\t\t\t\t<\/div>\n\t\t\t\t<\/div>\n\t\t\t\t<\/div>\n\t\t<div class=\"elementor-element elementor-element-66851c1 e-con-full e-flex e-con e-child\" data-id=\"66851c1\" data-element_type=\"container\" data-e-type=\"container\">\n\t\t<div class=\"elementor-element elementor-element-ddf0635 e-con-full e-flex e-con e-child\" data-id=\"ddf0635\" data-element_type=\"container\" data-e-type=\"container\">\n\t\t\t\t<div class=\"elementor-element elementor-element-15b3f9f elementor-widget elementor-widget-menu-anchor\" data-id=\"15b3f9f\" data-element_type=\"widget\" data-e-type=\"widget\" data-widget_type=\"menu-anchor.default\">\n\t\t\t\t\t\t\t<div class=\"elementor-menu-anchor\" id=\"content-start\"><\/div>\n\t\t\t\t\t\t<\/div>\n\t\t\t\t<div class=\"elementor-element elementor-element-e4bf425 elementor-widget elementor-widget-heading\" data-id=\"e4bf425\" data-element_type=\"widget\" data-e-type=\"widget\" data-widget_type=\"heading.default\">\n\t\t\t\t\t<h2 class=\"elementor-heading-title elementor-size-default\">Tres visionarios<br><b>Una misi\u00f3n com\u00fan<\/b><\/h2>\t\t\t\t<\/div>\n\t\t\t\t<div class=\"elementor-element elementor-element-6f2f30a elementor-widget-divider--view-line elementor-widget elementor-widget-divider\" data-id=\"6f2f30a\" data-element_type=\"widget\" data-e-type=\"widget\" data-widget_type=\"divider.default\">\n\t\t\t\t\t\t\t<div class=\"elementor-divider\">\n\t\t\t<span class=\"elementor-divider-separator\">\n\t\t\t\t\t\t<\/span>\n\t\t<\/div>\n\t\t\t\t\t\t<\/div>\n\t\t\t\t<div class=\"elementor-element elementor-element-2655295 elementor-widget elementor-widget-text-editor\" data-id=\"2655295\" data-element_type=\"widget\" data-e-type=\"widget\" data-widget_type=\"text-editor.default\">\n\t\t\t\t\t\t\t\t\t<p>Nuestra empresa re\u00fane a tres personas \u2014un ingeniero, un m\u00e9dico y un biohacker\u2014 que provienen de \u00e1mbitos muy diferentes, pero que comparten una experiencia fundamental: <strong>el cambio consciente hacia la salud, la prevenci\u00f3n y una vida equilibrada.<\/strong><\/p>\t\t\t\t\t\t\t\t<\/div>\n\t\t\t\t<div class=\"elementor-element elementor-element-a0a8dbd elementor-tablet-align-center elementor-invisible elementor-widget elementor-widget-button\" data-id=\"a0a8dbd\" data-element_type=\"widget\" data-e-type=\"widget\" data-settings=\"{&quot;_animation&quot;:&quot;fadeInLeft&quot;}\" data-widget_type=\"button.default\">\n\t\t\t\t\t\t\t\t\t\t<a class=\"elementor-button elementor-button-link elementor-size-sm elementor-animation-shrink\" href=\"#elementor-action%3Aaction%3Dpopup%3Aopen%26settings%3DeyJpZCI6MTU0OCwidG9nZ2xlIjpmYWxzZX0%3D\">\n\t\t\t\t\t\t<span class=\"elementor-button-content-wrapper\">\n\t\t\t\t\t\t\t\t\t<span class=\"elementor-button-text\">Reservar cita ahora<\/span>\n\t\t\t\t\t<\/span>\n\t\t\t\t\t<\/a>\n\t\t\t\t\t\t\t\t<\/div>\n\t\t\t\t<\/div>\n\t\t<div class=\"elementor-element elementor-element-574cb08 e-con-full e-flex e-con e-child\" data-id=\"574cb08\" data-element_type=\"container\" data-e-type=\"container\" data-settings=\"{&quot;background_background&quot;:&quot;classic&quot;,&quot;background_motion_fx_motion_fx_scrolling&quot;:&quot;yes&quot;,&quot;background_motion_fx_scale_effect&quot;:&quot;yes&quot;,&quot;background_motion_fx_scale_range&quot;:{&quot;unit&quot;:&quot;%&quot;,&quot;size&quot;:&quot;&quot;,&quot;sizes&quot;:{&quot;start&quot;:22,&quot;end&quot;:100}},&quot;background_motion_fx_scale_direction&quot;:&quot;out-in&quot;,&quot;background_motion_fx_scale_speed&quot;:{&quot;unit&quot;:&quot;px&quot;,&quot;size&quot;:4,&quot;sizes&quot;:[]},&quot;background_motion_fx_devices&quot;:[&quot;widescreen&quot;,&quot;desktop&quot;,&quot;laptop&quot;,&quot;tablet_extra&quot;,&quot;tablet&quot;,&quot;mobile_extra&quot;,&quot;mobile&quot;]}\">\n\t\t\t\t<div class=\"elementor-element elementor-element-2619b41 elementor-widget elementor-widget-image\" data-id=\"2619b41\" data-element_type=\"widget\" data-e-type=\"widget\" data-settings=\"{&quot;motion_fx_motion_fx_scrolling&quot;:&quot;yes&quot;,&quot;motion_fx_scale_effect&quot;:&quot;yes&quot;,&quot;motion_fx_scale_direction&quot;:&quot;out-in&quot;,&quot;motion_fx_scale_speed&quot;:{&quot;unit&quot;:&quot;px&quot;,&quot;size&quot;:4,&quot;sizes&quot;:[]},&quot;motion_fx_scale_range&quot;:{&quot;unit&quot;:&quot;%&quot;,&quot;size&quot;:&quot;&quot;,&quot;sizes&quot;:{&quot;start&quot;:20,&quot;end&quot;:80}},&quot;motion_fx_devices&quot;:[&quot;widescreen&quot;,&quot;desktop&quot;,&quot;laptop&quot;,&quot;tablet_extra&quot;,&quot;tablet&quot;,&quot;mobile_extra&quot;,&quot;mobile&quot;]}\" data-widget_type=\"image.default\">\n\t\t\t\t\t\t\t\t\t\t\t\t\t\t\t<img fetchpriority=\"high\" decoding=\"async\" width=\"800\" height=\"491\" src=\"https:\/\/www.qvantumlongevitycenter.com\/wp-content\/uploads\/2025\/11\/gesicht-paritkel-e1763133747435-1024x628.jpg\" class=\"attachment-large size-large wp-image-1447\" alt=\"\" srcset=\"https:\/\/www.qvantumlongevitycenter.com\/wp-content\/uploads\/2025\/11\/gesicht-paritkel-e1763133747435-1024x628.jpg 1024w, https:\/\/www.qvantumlongevitycenter.com\/wp-content\/uploads\/2025\/11\/gesicht-paritkel-e1763133747435-300x184.jpg 300w, https:\/\/www.qvantumlongevitycenter.com\/wp-content\/uploads\/2025\/11\/gesicht-paritkel-e1763133747435-768x471.jpg 768w, https:\/\/www.qvantumlongevitycenter.com\/wp-content\/uploads\/2025\/11\/gesicht-paritkel-e1763133747435-1536x942.jpg 1536w, https:\/\/www.qvantumlongevitycenter.com\/wp-content\/uploads\/2025\/11\/gesicht-paritkel-e1763133747435.jpg 1920w\" sizes=\"(max-width: 800px) 100vw, 800px\" \/>\t\t\t\t\t\t\t\t\t\t\t\t\t\t\t<\/div>\n\t\t\t\t<\/div>\n\t\t\t\t<\/div>\n\t\t<div class=\"elementor-element elementor-element-71484e6 e-con-full e-flex e-con e-child\" data-id=\"71484e6\" data-element_type=\"container\" data-e-type=\"container\">\n\t\t<div class=\"elementor-element elementor-element-14c25b6 e-con-full e-flex e-con e-child\" data-id=\"14c25b6\" data-element_type=\"container\" data-e-type=\"container\">\n\t\t\t\t<div class=\"elementor-element elementor-element-d597b4e elementor-widget elementor-widget-menu-anchor\" data-id=\"d597b4e\" data-element_type=\"widget\" data-e-type=\"widget\" data-widget_type=\"menu-anchor.default\">\n\t\t\t\t\t\t\t<div class=\"elementor-menu-anchor\" id=\"dr-marc-hoefeld-fegeler\"><\/div>\n\t\t\t\t\t\t<\/div>\n\t\t\t\t<div class=\"elementor-element elementor-element-eafe5d7 elementor-widget elementor-widget-heading\" data-id=\"eafe5d7\" data-element_type=\"widget\" data-e-type=\"widget\" data-widget_type=\"heading.default\">\n\t\t\t\t\t<h2 class=\"elementor-heading-title elementor-size-default\">Direcci\u00f3n m\u00e9dica<\/h2>\t\t\t\t<\/div>\n\t\t\t\t<div class=\"elementor-element elementor-element-cc102d5 elementor-widget elementor-widget-heading\" data-id=\"cc102d5\" data-element_type=\"widget\" data-e-type=\"widget\" data-widget_type=\"heading.default\">\n\t\t\t\t\t<h2 class=\"elementor-heading-title elementor-size-default\">Dr. Marc <br><b>Hoefeld-Fegeler<\/b><\/h2>\t\t\t\t<\/div>\n\t\t\t\t<div class=\"elementor-element elementor-element-99e8c48 elementor-widget-divider--view-line elementor-widget elementor-widget-divider\" data-id=\"99e8c48\" data-element_type=\"widget\" data-e-type=\"widget\" data-widget_type=\"divider.default\">\n\t\t\t\t\t\t\t<div class=\"elementor-divider\">\n\t\t\t<span class=\"elementor-divider-separator\">\n\t\t\t\t\t\t<\/span>\n\t\t<\/div>\n\t\t\t\t\t\t<\/div>\n\t\t\t\t<div class=\"elementor-element elementor-element-d29a8f6 elementor-widget elementor-widget-text-editor\" data-id=\"d29a8f6\" data-element_type=\"widget\" data-e-type=\"widget\" data-widget_type=\"text-editor.default\">\n\t\t\t\t\t\t\t\t\t<p>Originalmente m\u00e9dico especialista en dermatolog\u00eda, hace casi diez a\u00f1os cambi\u00f3 el enfoque de su carrera profesional. Se alej\u00f3 de la medicina convencional, que no siempre es curativa, para dedicarse a <strong>la promoci\u00f3n de la salud<\/strong> y la <strong>prevenci\u00f3n<\/strong>. Hoy en d\u00eda, se centra en <strong>la combinaci\u00f3n de la promoci\u00f3n integral de la salud y la prevenci\u00f3n, el coaching y la longevidad<\/strong>. Con ello, quiere capacitar a las personas para que se hagan responsables de su propia salud y <strong>la mantengan a largo plazo para disfrutar de una vida lo m\u00e1s larga y plena posible.<\/strong>   <\/p><p>\u00abUna vida larga no comienza en el hospital o con el diagn\u00f3stico, sino con la prevenci\u00f3n diaria. La longevidad significa <strong>actuar hoy<\/strong>, a trav\u00e9s de la alimentaci\u00f3n, el ejercicio, la salud mental, la prevenci\u00f3n y la atenci\u00f3n plena. Es el <strong>cambio de la mera lucha contra la enfermedad a la gesti\u00f3n activa de la salud<\/strong>\u00bb.  <\/p>\t\t\t\t\t\t\t\t<\/div>\n\t\t\t\t<div class=\"elementor-element elementor-element-8953d7e elementor-blockquote--skin-border elementor-widget elementor-widget-blockquote\" data-id=\"8953d7e\" data-element_type=\"widget\" data-e-type=\"widget\" data-widget_type=\"blockquote.default\">\n\t\t\t\t\t\t\t<blockquote class=\"elementor-blockquote\">\n\t\t\t<p class=\"elementor-blockquote__content\">\n\t\t\t\t\u00abLa verdadera longevidad surge cuando \nla conciencia, la energ\u00eda y \nla biolog\u00eda vibran en armon\u00eda\u00bb.\t\t\t<\/p>\n\t\t\t\t\t\t\t<div class=\"e-q-footer\">\n\t\t\t\t\t\t\t\t\t\t\t<cite class=\"elementor-blockquote__author\">Dr. Marc Hoefeld-Fegeler<\/cite>\n\t\t\t\t\t\t\t\t\t\t\t\t\t\t<\/div>\n\t\t\t\t\t<\/blockquote>\n\t\t\t\t\t\t<\/div>\n\t\t\t\t<\/div>\n\t\t<div class=\"elementor-element elementor-element-8f2b962 e-con-full e-flex e-con e-child\" data-id=\"8f2b962\" data-element_type=\"container\" data-e-type=\"container\" data-settings=\"{&quot;background_background&quot;:&quot;classic&quot;,&quot;background_motion_fx_motion_fx_scrolling&quot;:&quot;yes&quot;,&quot;background_motion_fx_scale_effect&quot;:&quot;yes&quot;,&quot;background_motion_fx_scale_range&quot;:{&quot;unit&quot;:&quot;%&quot;,&quot;size&quot;:&quot;&quot;,&quot;sizes&quot;:{&quot;start&quot;:50,&quot;end&quot;:100}},&quot;background_motion_fx_scale_direction&quot;:&quot;out-in&quot;,&quot;background_motion_fx_scale_speed&quot;:{&quot;unit&quot;:&quot;px&quot;,&quot;size&quot;:4,&quot;sizes&quot;:[]},&quot;background_motion_fx_devices&quot;:[&quot;widescreen&quot;,&quot;desktop&quot;,&quot;laptop&quot;,&quot;tablet_extra&quot;,&quot;tablet&quot;,&quot;mobile_extra&quot;,&quot;mobile&quot;]}\">\n\t\t<div class=\"elementor-element elementor-element-6116108 e-con-full e-flex elementor-invisible e-con e-child\" data-id=\"6116108\" data-element_type=\"container\" data-e-type=\"container\" data-settings=\"{&quot;background_background&quot;:&quot;classic&quot;,&quot;animation&quot;:&quot;slideInRight&quot;}\">\n\t\t\t\t<div class=\"elementor-element elementor-element-137cc7f elementor-widget__width-initial elementor-widget elementor-widget-image\" data-id=\"137cc7f\" data-element_type=\"widget\" data-e-type=\"widget\" data-widget_type=\"image.default\">\n\t\t\t\t\t\t\t\t\t\t\t\t\t\t\t<img decoding=\"async\" width=\"1389\" height=\"1600\" src=\"https:\/\/www.qvantumlongevitycenter.com\/wp-content\/uploads\/2025\/11\/dr-marc-hoefeld-fegeler.jpg\" class=\"attachment-full size-full wp-image-1461\" alt=\"\" srcset=\"https:\/\/www.qvantumlongevitycenter.com\/wp-content\/uploads\/2025\/11\/dr-marc-hoefeld-fegeler.jpg 1389w, https:\/\/www.qvantumlongevitycenter.com\/wp-content\/uploads\/2025\/11\/dr-marc-hoefeld-fegeler-260x300.jpg 260w, https:\/\/www.qvantumlongevitycenter.com\/wp-content\/uploads\/2025\/11\/dr-marc-hoefeld-fegeler-889x1024.jpg 889w, https:\/\/www.qvantumlongevitycenter.com\/wp-content\/uploads\/2025\/11\/dr-marc-hoefeld-fegeler-768x885.jpg 768w, https:\/\/www.qvantumlongevitycenter.com\/wp-content\/uploads\/2025\/11\/dr-marc-hoefeld-fegeler-1333x1536.jpg 1333w\" sizes=\"(max-width: 1389px) 100vw, 1389px\" \/>\t\t\t\t\t\t\t\t\t\t\t\t\t\t\t<\/div>\n\t\t\t\t<div class=\"elementor-element elementor-element-663dc62 elementor-widget__width-initial elementor-widget elementor-widget-icon-box\" data-id=\"663dc62\" data-element_type=\"widget\" data-e-type=\"widget\" data-widget_type=\"icon-box.default\">\n\t\t\t\t\t\t\t<div class=\"elementor-icon-box-wrapper\">\n\n\t\t\t\n\t\t\t\t\t\t<div class=\"elementor-icon-box-content\">\n\n\t\t\t\t\t\t\t\t\t<h3 class=\"elementor-icon-box-title\">\n\t\t\t\t\t\t<span  >\n\t\t\t\t\t\t\t5\/5\t\t\t\t\t\t<\/span>\n\t\t\t\t\t<\/h3>\n\t\t\t\t\n\t\t\t\t\n\t\t\t<\/div>\n\t\t\t\n\t\t<\/div>\n\t\t\t\t\t\t<\/div>\n\t\t\t\t<div class=\"elementor-element elementor-element-d979875 elementor-widget elementor-widget-image-box\" data-id=\"d979875\" data-element_type=\"widget\" data-e-type=\"widget\" data-widget_type=\"image-box.default\">\n\t\t\t\t\t<div class=\"elementor-image-box-wrapper\"><div class=\"elementor-image-box-content\"><h5 class=\"elementor-image-box-title\">Dr. Marc Hoefeld-Fegeler<\/h5><p class=\"elementor-image-box-description\">M\u00e9dico especialista en dermatolog\u00eda<\/p><\/div><\/div>\t\t\t\t<\/div>\n\t\t\t\t<div class=\"elementor-element elementor-element-bad4126 elementor-widget elementor-widget-button\" data-id=\"bad4126\" data-element_type=\"widget\" data-e-type=\"widget\" data-widget_type=\"button.default\">\n\t\t\t\t\t\t\t\t\t\t<a class=\"elementor-button elementor-button-link elementor-size-sm\" href=\"#elementor-action%3Aaction%3Dpopup%3Aopen%26settings%3DeyJpZCI6MTU0OCwidG9nZ2xlIjpmYWxzZX0%3D\">\n\t\t\t\t\t\t<span class=\"elementor-button-content-wrapper\">\n\t\t\t\t\t\t\t\t\t<span class=\"elementor-button-text\">P\u00f3ngase en contacto con nosotros<\/span>\n\t\t\t\t\t<\/span>\n\t\t\t\t\t<\/a>\n\t\t\t\t\t\t\t\t<\/div>\n\t\t\t\t<\/div>\n\t\t\t\t<\/div>\n\t\t\t\t<\/div>\n\t\t\t\t<\/div>\n\t\t<div class=\"elementor-element elementor-element-eb9973a e-con-full e-flex e-con e-parent\" data-id=\"eb9973a\" data-element_type=\"container\" data-e-type=\"container\">\n\t\t\t\t<div class=\"elementor-element elementor-element-d0bb61e elementor-cta--layout-image-above elementor-cta--valign-middle elementor-bg-transform elementor-bg-transform-move-down elementor-cta--skin-classic elementor-animated-content elementor-widget elementor-widget-call-to-action\" data-id=\"d0bb61e\" data-element_type=\"widget\" data-e-type=\"widget\" data-widget_type=\"call-to-action.default\">\n\t\t\t\t\t\t\t<div class=\"elementor-cta\">\n\t\t\t\t\t<div class=\"elementor-cta__bg-wrapper\">\n\t\t\t\t<div class=\"elementor-cta__bg elementor-bg\" style=\"background-image: url(https:\/\/www.qvantumlongevitycenter.com\/wp-content\/uploads\/2025\/11\/qvantum-longevity-center-background.jpg);\" role=\"img\" aria-label=\"qvantum-longevity-center-fondo\"><\/div>\n\t\t\t\t<div class=\"elementor-cta__bg-overlay\"><\/div>\n\t\t\t<\/div>\n\t\t\t\t\t\t\t<div class=\"elementor-cta__content\">\n\t\t\t\t\n\t\t\t\t\t\t\t\t\t<h2 class=\"elementor-cta__title elementor-cta__content-item elementor-content-item\">\n\t\t\t\t\t\tSu transformaci\u00f3n comienza hoy.\t\t\t\t\t<\/h2>\n\t\t\t\t\n\t\t\t\t\t\t\t\t\t<div class=\"elementor-cta__description elementor-cta__content-item elementor-content-item\">\n\t\t\t\t\t\tNuestro equipo de expertos en longevidad est\u00e1 a su disposici\u00f3n para ofrecerle asesoramiento personalizado. Descubra c\u00f3mo nuestras terapias revolucionarias pueden transformar su vida. \t\t\t\t\t<\/div>\n\t\t\t\t\n\t\t\t\t\t\t\t\t\t<div class=\"elementor-cta__button-wrapper elementor-cta__content-item elementor-content-item \">\n\t\t\t\t\t<a class=\"elementor-cta__button elementor-button elementor-size-\" href=\"#elementor-action%3Aaction%3Dpopup%3Aopen%26settings%3DeyJpZCI6MTU0NiwidG9nZ2xlIjpmYWxzZX0%3D\">\n\t\t\t\t\t\tConcertar una cita ahora\t\t\t\t\t<\/a>\n\t\t\t\t\t<\/div>\n\t\t\t\t\t\t\t<\/div>\n\t\t\t\t\t\t<\/div>\n\t\t\t\t\t\t<\/div>\n\t\t\t\t<\/div>\n\t\t\t\t<\/div>\n\t\t","protected":false},"excerpt":{"rendered":"<p>Nuestramisi\u00f3n Repensar la salud: de forma integral, preventiva y orientada al futuro. En el Qvantum Longevity Center vamos m\u00e1s all\u00e1 de lo que ofrecen los centros de longevidad cl\u00e1sicos. Apostamos por las tecnolog\u00edas del tercer milenio &#8211; tecnolog\u00edas de frecuencia seg\u00fan Tesla, medicina energ\u00e9tica de vanguardia y bienestar de alta tecnolog\u00eda\u2014 y las combinamos con [&hellip;]<\/p>\n","protected":false},"author":2,"featured_media":0,"parent":0,"menu_order":2,"comment_status":"closed","ping_status":"closed","template":"","meta":{"_acf_changed":false,"footnotes":""},"class_list":["post-1463","page","type-page","status-publish","hentry"],"acf":[],"_links":{"self":[{"href":"https:\/\/www.qvantumlongevitycenter.com\/es\/wp-json\/wp\/v2\/pages\/1463","targetHints":{"allow":["GET"]}}],"collection":[{"href":"https:\/\/www.qvantumlongevitycenter.com\/es\/wp-json\/wp\/v2\/pages"}],"about":[{"href":"https:\/\/www.qvantumlongevitycenter.com\/es\/wp-json\/wp\/v2\/types\/page"}],"author":[{"embeddable":true,"href":"https:\/\/www.qvantumlongevitycenter.com\/es\/wp-json\/wp\/v2\/users\/2"}],"replies":[{"embeddable":true,"href":"https:\/\/www.qvantumlongevitycenter.com\/es\/wp-json\/wp\/v2\/comments?post=1463"}],"version-history":[{"count":2,"href":"https:\/\/www.qvantumlongevitycenter.com\/es\/wp-json\/wp\/v2\/pages\/1463\/revisions"}],"predecessor-version":[{"id":2013,"href":"https:\/\/www.qvantumlongevitycenter.com\/es\/wp-json\/wp\/v2\/pages\/1463\/revisions\/2013"}],"wp:attachment":[{"href":"https:\/\/www.qvantumlongevitycenter.com\/es\/wp-json\/wp\/v2\/media?parent=1463"}],"curies":[{"name":"wp","href":"https:\/\/api.w.org\/{rel}","templated":true}]}}