{"id":1474,"date":"2025-11-13T22:19:49","date_gmt":"2025-11-13T22:19:49","guid":{"rendered":"https:\/\/www.qvantumlongevitycenter.com\/longevidad-replanteada\/"},"modified":"2026-01-31T14:51:03","modified_gmt":"2026-01-31T14:51:03","slug":"longevidad-replanteada","status":"publish","type":"page","link":"https:\/\/www.qvantumlongevitycenter.com\/es\/longevidad-replanteada\/","title":{"rendered":"La longevidad replanteada"},"content":{"rendered":"\t\t<div data-elementor-type=\"wp-page\" data-elementor-id=\"1474\" class=\"elementor elementor-1474 elementor-95\" data-elementor-post-type=\"page\">\n\t\t\t\t<div class=\"elementor-element elementor-element-a463dc1 e-flex e-con-boxed e-con e-child\" data-id=\"a463dc1\" data-element_type=\"container\" data-e-type=\"container\">\n\t\t\t\t\t<div class=\"e-con-inner\">\n\t\t<div class=\"elementor-element elementor-element-7c14f5f e-con-full e-flex e-con e-child\" data-id=\"7c14f5f\" data-element_type=\"container\" data-e-type=\"container\">\n\t\t\t\t<div class=\"elementor-element elementor-element-8f0479f elementor-widget elementor-widget-menu-anchor\" data-id=\"8f0479f\" data-element_type=\"widget\" data-e-type=\"widget\" data-widget_type=\"menu-anchor.default\">\n\t\t\t\t\t\t\t<div class=\"elementor-menu-anchor\" id=\"content-start\"><\/div>\n\t\t\t\t\t\t<\/div>\n\t\t\t\t<div class=\"elementor-element elementor-element-a6c6b4f elementor-widget elementor-widget-heading\" data-id=\"a6c6b4f\" data-element_type=\"widget\" data-e-type=\"widget\" data-widget_type=\"heading.default\">\n\t\t\t\t\t<h1 class=\"elementor-heading-title elementor-size-default\"><b>La longevidad<\/b><br>replanteada<\/h1>\t\t\t\t<\/div>\n\t\t\t\t<div class=\"elementor-element elementor-element-8ff0a40 elementor-widget-divider--view-line elementor-widget elementor-widget-divider\" data-id=\"8ff0a40\" data-element_type=\"widget\" data-e-type=\"widget\" data-widget_type=\"divider.default\">\n\t\t\t\t\t\t\t<div class=\"elementor-divider\">\n\t\t\t<span class=\"elementor-divider-separator\">\n\t\t\t\t\t\t<\/span>\n\t\t<\/div>\n\t\t\t\t\t\t<\/div>\n\t\t\t\t<div class=\"elementor-element elementor-element-0a7d328 elementor-widget elementor-widget-heading\" data-id=\"0a7d328\" data-element_type=\"widget\" data-e-type=\"widget\" data-widget_type=\"heading.default\">\n\t\t\t\t\t<h2 class=\"elementor-heading-title elementor-size-default\">\u00bfQu\u00e9 significa realmente \u00ablongevidad\u00bb?<\/h2>\t\t\t\t<\/div>\n\t\t\t\t<div class=\"elementor-element elementor-element-2e0eb9e elementor-widget elementor-widget-text-editor\" data-id=\"2e0eb9e\" data-element_type=\"widget\" data-e-type=\"widget\" data-widget_type=\"text-editor.default\">\n\t\t\t\t\t\t\t\t\t<p>La longevidad no solo significa vivir m\u00e1s tiempo, sino tambi\u00e9n mantenerse sano, vital y en forma durante m\u00e1s tiempo. Mientras que el antienvejecimiento se ha centrado durante mucho tiempo principalmente en la apariencia externa, como la reducci\u00f3n de arrugas, el cuidado de la piel o los tratamientos est\u00e9ticos, la longevidad va mucho m\u00e1s all\u00e1, ya que se centra en la prevenci\u00f3n de enfermedades, la optimizaci\u00f3n de los procesos biol\u00f3gicos internos y la promoci\u00f3n de la salud a largo plazo. <\/p><p>En lugar de ocultar los s\u00edntomas, Longevity apuesta por estrategias hol\u00edsticas con base m\u00e9dica, como diagn\u00f3sticos modernos, apoyo celular, optimizaci\u00f3n del estilo de vida y terapias innovadoras, en el caso de Qvantum Longevity con la ayuda de terapias de frecuencia pioneras y tecnolog\u00eda escalar. <\/p><p class=\"MsoNormal\">En resumen: <\/p>\t\t\t\t\t\t\t\t<\/div>\n\t\t\t\t<\/div>\n\t\t<div class=\"elementor-element elementor-element-70dd2fa e-con-full e-flex e-con e-child\" data-id=\"70dd2fa\" data-element_type=\"container\" data-e-type=\"container\" data-settings=\"{&quot;background_background&quot;:&quot;classic&quot;,&quot;background_motion_fx_motion_fx_scrolling&quot;:&quot;yes&quot;,&quot;background_motion_fx_scale_effect&quot;:&quot;yes&quot;,&quot;background_motion_fx_scale_range&quot;:{&quot;unit&quot;:&quot;%&quot;,&quot;size&quot;:&quot;&quot;,&quot;sizes&quot;:{&quot;start&quot;:22,&quot;end&quot;:100}},&quot;background_motion_fx_scale_direction&quot;:&quot;out-in&quot;,&quot;background_motion_fx_scale_speed&quot;:{&quot;unit&quot;:&quot;px&quot;,&quot;size&quot;:4,&quot;sizes&quot;:[]},&quot;background_motion_fx_devices&quot;:[&quot;widescreen&quot;,&quot;desktop&quot;,&quot;laptop&quot;,&quot;tablet_extra&quot;,&quot;tablet&quot;,&quot;mobile_extra&quot;,&quot;mobile&quot;]}\">\n\t\t\t\t<div class=\"elementor-element elementor-element-dcd24a5 elementor-widget elementor-widget-image\" data-id=\"dcd24a5\" data-element_type=\"widget\" data-e-type=\"widget\" data-settings=\"{&quot;motion_fx_motion_fx_scrolling&quot;:&quot;yes&quot;,&quot;motion_fx_scale_effect&quot;:&quot;yes&quot;,&quot;motion_fx_scale_direction&quot;:&quot;out-in&quot;,&quot;motion_fx_scale_speed&quot;:{&quot;unit&quot;:&quot;px&quot;,&quot;size&quot;:4,&quot;sizes&quot;:[]},&quot;motion_fx_scale_range&quot;:{&quot;unit&quot;:&quot;%&quot;,&quot;size&quot;:&quot;&quot;,&quot;sizes&quot;:{&quot;start&quot;:20,&quot;end&quot;:80}},&quot;motion_fx_devices&quot;:[&quot;widescreen&quot;,&quot;desktop&quot;,&quot;laptop&quot;,&quot;tablet_extra&quot;,&quot;tablet&quot;,&quot;mobile_extra&quot;,&quot;mobile&quot;]}\" data-widget_type=\"image.default\">\n\t\t\t\t\t\t\t\t\t\t\t\t\t\t\t<img fetchpriority=\"high\" decoding=\"async\" width=\"800\" height=\"491\" src=\"https:\/\/www.qvantumlongevitycenter.com\/wp-content\/uploads\/2025\/11\/gesicht-paritkel-e1763133747435-1024x628.jpg\" class=\"attachment-large size-large wp-image-1447\" alt=\"\" srcset=\"https:\/\/www.qvantumlongevitycenter.com\/wp-content\/uploads\/2025\/11\/gesicht-paritkel-e1763133747435-1024x628.jpg 1024w, https:\/\/www.qvantumlongevitycenter.com\/wp-content\/uploads\/2025\/11\/gesicht-paritkel-e1763133747435-300x184.jpg 300w, https:\/\/www.qvantumlongevitycenter.com\/wp-content\/uploads\/2025\/11\/gesicht-paritkel-e1763133747435-768x471.jpg 768w, https:\/\/www.qvantumlongevitycenter.com\/wp-content\/uploads\/2025\/11\/gesicht-paritkel-e1763133747435-1536x942.jpg 1536w, https:\/\/www.qvantumlongevitycenter.com\/wp-content\/uploads\/2025\/11\/gesicht-paritkel-e1763133747435.jpg 1920w\" sizes=\"(max-width: 800px) 100vw, 800px\" \/>\t\t\t\t\t\t\t\t\t\t\t\t\t\t\t<\/div>\n\t\t\t\t<\/div>\n\t\t\t\t\t<\/div>\n\t\t\t\t<\/div>\n\t\t<div class=\"elementor-element elementor-element-44d31c3 e-flex e-con-boxed e-con e-parent\" data-id=\"44d31c3\" data-element_type=\"container\" data-e-type=\"container\">\n\t\t\t\t\t<div class=\"e-con-inner\">\n\t\t<div class=\"elementor-element elementor-element-364bb2f e-con-full e-flex e-con e-child\" data-id=\"364bb2f\" data-element_type=\"container\" data-e-type=\"container\">\n\t\t\t\t<div class=\"elementor-element elementor-element-22fbe1a elementor-blockquote--align-center elementor-widget__width-initial elementor-blockquote--skin-quotation elementor-widget elementor-widget-blockquote\" data-id=\"22fbe1a\" data-element_type=\"widget\" data-e-type=\"widget\" data-widget_type=\"blockquote.default\">\n\t\t\t\t\t\t\t<blockquote class=\"elementor-blockquote\">\n\t\t\t<p class=\"elementor-blockquote__content\">\n\t\t\t\tEn el mejor de los casos, el antienvejecimiento puede embellecer el presente, \nmientras que la longevidad tambi\u00e9n puede prolongar considerablemente su futuro.\nNuestro mayor deseo es hacer posible una vida llena de vitalidad, conciencia y equilibrio interior, una vida que no solo sea m\u00e1s larga, sino tambi\u00e9n mejor, m\u00e1s clara y m\u00e1s plena.\t\t\t<\/p>\n\t\t\t\t\t<\/blockquote>\n\t\t\t\t\t\t<\/div>\n\t\t\t\t<\/div>\n\t\t\t\t\t<\/div>\n\t\t\t\t<\/div>\n\t\t<div class=\"elementor-element elementor-element-974b348 e-con-full elementor-hidden-widescreen elementor-hidden-desktop elementor-hidden-laptop elementor-hidden-tablet_extra elementor-hidden-tablet elementor-hidden-mobile_extra elementor-hidden-mobile e-flex e-con e-parent\" data-id=\"974b348\" data-element_type=\"container\" data-e-type=\"container\">\n\t\t<div class=\"elementor-element elementor-element-9444875 e-con-full e-flex e-con e-child\" data-id=\"9444875\" data-element_type=\"container\" data-e-type=\"container\">\n\t\t<div class=\"elementor-element elementor-element-091f9fe e-con-full e-flex e-con e-child\" data-id=\"091f9fe\" data-element_type=\"container\" data-e-type=\"container\">\n\t\t\t\t<div class=\"elementor-element elementor-element-13e99fc elementor-widget elementor-widget-heading\" data-id=\"13e99fc\" data-element_type=\"widget\" data-e-type=\"widget\" data-widget_type=\"heading.default\">\n\t\t\t\t\t<h2 class=\"elementor-heading-title elementor-size-default\">Desde el punto de vista del Dr. Marc Hoefeld-Fegeler<\/h2>\t\t\t\t<\/div>\n\t\t\t\t<div class=\"elementor-element elementor-element-8fe9b12 elementor-blockquote--skin-quotation elementor-blockquote--align-center elementor-widget elementor-widget-blockquote\" data-id=\"8fe9b12\" data-element_type=\"widget\" data-e-type=\"widget\" data-widget_type=\"blockquote.default\">\n\t\t\t\t\t\t\t<blockquote class=\"elementor-blockquote\">\n\t\t\t<p class=\"elementor-blockquote__content\">\n\t\t\t\tUna vida larga no se consigue en el hospital o con un diagn\u00f3stico, sino con la prevenci\u00f3n diaria. La longevidad significa actuar hoy, a trav\u00e9s de la alimentaci\u00f3n, el ejercicio, la salud mental, la prevenci\u00f3n y la atenci\u00f3n plena. Es el cambio de la mera lucha contra la enfermedad a la gesti\u00f3n activa de la salud.  \t\t\t<\/p>\n\t\t\t\t\t\t\t<div class=\"e-q-footer\">\n\t\t\t\t\t\t\t\t\t\t\t<cite class=\"elementor-blockquote__author\">Dr. Marc Hoefeld-Fegeler<\/cite>\n\t\t\t\t\t\t\t\t\t\t\t\t\t\t<\/div>\n\t\t\t\t\t<\/blockquote>\n\t\t\t\t\t\t<\/div>\n\t\t\t\t<div class=\"elementor-element elementor-element-186873d elementor-widget elementor-widget-image\" data-id=\"186873d\" data-element_type=\"widget\" data-e-type=\"widget\" data-widget_type=\"image.default\">\n\t\t\t\t\t\t\t\t\t\t\t\t\t\t\t<img decoding=\"async\" width=\"150\" height=\"150\" src=\"https:\/\/www.qvantumlongevitycenter.com\/wp-content\/uploads\/2025\/11\/dr-marc-hoefeld-fegeler-150x150.jpg\" class=\"attachment-thumbnail size-thumbnail wp-image-1461\" alt=\"\" \/>\t\t\t\t\t\t\t\t\t\t\t\t\t\t\t<\/div>\n\t\t\t\t<\/div>\n\t\t<div class=\"elementor-element elementor-element-785bebe e-con-full e-flex e-con e-child\" data-id=\"785bebe\" data-element_type=\"container\" data-e-type=\"container\">\n\t\t\t\t<div class=\"elementor-element elementor-element-916550c elementor-widget elementor-widget-heading\" data-id=\"916550c\" data-element_type=\"widget\" data-e-type=\"widget\" data-widget_type=\"heading.default\">\n\t\t\t\t\t<h2 class=\"elementor-heading-title elementor-size-default\">Desde la perspectiva de Jochen Seipel<\/h2>\t\t\t\t<\/div>\n\t\t\t\t<div class=\"elementor-element elementor-element-6f094c4 elementor-blockquote--skin-quotation elementor-blockquote--align-center elementor-widget elementor-widget-blockquote\" data-id=\"6f094c4\" data-element_type=\"widget\" data-e-type=\"widget\" data-widget_type=\"blockquote.default\">\n\t\t\t\t\t\t\t<blockquote class=\"elementor-blockquote\">\n\t\t\t<p class=\"elementor-blockquote__content\">\n\t\t\t\tLa longevidad requiere protecci\u00f3n frente a las cargas invisibles de nuestro mundo moderno. La tecnolog\u00eda, el conocimiento y la innovaci\u00f3n pueden crear espacios en los que podamos vivir libres de factores estresantes como la contaminaci\u00f3n electromagn\u00e9tica, preservando as\u00ed la salud y la vitalidad en una sociedad digitalizada. \t\t\t<\/p>\n\t\t\t\t\t\t\t<div class=\"e-q-footer\">\n\t\t\t\t\t\t\t\t\t\t\t<cite class=\"elementor-blockquote__author\">Jochen Seipel<\/cite>\n\t\t\t\t\t\t\t\t\t\t\t\t\t\t<\/div>\n\t\t\t\t\t<\/blockquote>\n\t\t\t\t\t\t<\/div>\n\t\t\t\t<div class=\"elementor-element elementor-element-eaf60f2 elementor-widget elementor-widget-image\" data-id=\"eaf60f2\" data-element_type=\"widget\" data-e-type=\"widget\" data-widget_type=\"image.default\">\n\t\t\t\t\t\t\t\t\t\t\t\t\t\t\t<img decoding=\"async\" width=\"200\" height=\"200\" src=\"https:\/\/www.qvantumlongevitycenter.com\/wp-content\/uploads\/2025\/11\/jochen-seipel.jpg\" class=\"attachment-large size-large wp-image-1462\" alt=\"\" srcset=\"https:\/\/www.qvantumlongevitycenter.com\/wp-content\/uploads\/2025\/11\/jochen-seipel.jpg 200w, https:\/\/www.qvantumlongevitycenter.com\/wp-content\/uploads\/2025\/11\/jochen-seipel-150x150.jpg 150w\" sizes=\"(max-width: 200px) 100vw, 200px\" \/>\t\t\t\t\t\t\t\t\t\t\t\t\t\t\t<\/div>\n\t\t\t\t<\/div>\n\t\t<div class=\"elementor-element elementor-element-7db3154 e-con-full e-flex e-con e-child\" data-id=\"7db3154\" data-element_type=\"container\" data-e-type=\"container\">\n\t\t\t\t<div class=\"elementor-element elementor-element-97b0302 elementor-widget elementor-widget-heading\" data-id=\"97b0302\" data-element_type=\"widget\" data-e-type=\"widget\" data-widget_type=\"heading.default\">\n\t\t\t\t\t<h2 class=\"elementor-heading-title elementor-size-default\">Desde el punto de vista de Ren\u00e9 Knopf<\/h2>\t\t\t\t<\/div>\n\t\t\t\t<div class=\"elementor-element elementor-element-befd829 elementor-blockquote--skin-quotation elementor-blockquote--align-center elementor-widget elementor-widget-blockquote\" data-id=\"befd829\" data-element_type=\"widget\" data-e-type=\"widget\" data-widget_type=\"blockquote.default\">\n\t\t\t\t\t\t\t<blockquote class=\"elementor-blockquote\">\n\t\t\t<p class=\"elementor-blockquote__content\">\n\t\t\t\tLa longevidad significa superar las consecuencias de un estilo de vida excesivo y poco saludable, y demostrar que la transformaci\u00f3n es posible en cualquier momento. Una vida m\u00e1s larga y saludable no es el resultado de la asc\u00e9tica, sino de decisiones conscientes que nutren el cuerpo, la mente y el alma. \t\t\t<\/p>\n\t\t\t\t\t\t\t<div class=\"e-q-footer\">\n\t\t\t\t\t\t\t\t\t\t\t<cite class=\"elementor-blockquote__author\">Ren\u00e9 Knopf<\/cite>\n\t\t\t\t\t\t\t\t\t\t\t\t\t\t<\/div>\n\t\t\t\t\t<\/blockquote>\n\t\t\t\t\t\t<\/div>\n\t\t\t\t<div class=\"elementor-element elementor-element-5cdea2d elementor-widget elementor-widget-image\" data-id=\"5cdea2d\" data-element_type=\"widget\" data-e-type=\"widget\" data-widget_type=\"image.default\">\n\t\t\t\t\t\t\t\t\t\t\t\t\t\t\t<img loading=\"lazy\" decoding=\"async\" width=\"370\" height=\"370\" src=\"https:\/\/www.qvantumlongevitycenter.com\/wp-content\/uploads\/2025\/11\/rene-knopf.jpg\" class=\"attachment-large size-large wp-image-1460\" alt=\"\" srcset=\"https:\/\/www.qvantumlongevitycenter.com\/wp-content\/uploads\/2025\/11\/rene-knopf.jpg 370w, https:\/\/www.qvantumlongevitycenter.com\/wp-content\/uploads\/2025\/11\/rene-knopf-300x300.jpg 300w, https:\/\/www.qvantumlongevitycenter.com\/wp-content\/uploads\/2025\/11\/rene-knopf-150x150.jpg 150w\" sizes=\"(max-width: 370px) 100vw, 370px\" \/>\t\t\t\t\t\t\t\t\t\t\t\t\t\t\t<\/div>\n\t\t\t\t<\/div>\n\t\t\t\t<\/div>\n\t\t\t\t<\/div>\n\t\t\t\t<\/div>\n\t\t","protected":false},"excerpt":{"rendered":"<p>La longevidadreplanteada \u00bfQu\u00e9 significa realmente \u00ablongevidad\u00bb? La longevidad no solo significa vivir m\u00e1s tiempo, sino tambi\u00e9n mantenerse sano, vital y en forma durante m\u00e1s tiempo. Mientras que el antienvejecimiento se ha centrado durante mucho tiempo principalmente en la apariencia externa, como la reducci\u00f3n de arrugas, el cuidado de la piel o los tratamientos est\u00e9ticos, la [&hellip;]<\/p>\n","protected":false},"author":2,"featured_media":0,"parent":0,"menu_order":4,"comment_status":"closed","ping_status":"closed","template":"","meta":{"_acf_changed":false,"footnotes":""},"class_list":["post-1474","page","type-page","status-publish","hentry"],"acf":[],"_links":{"self":[{"href":"https:\/\/www.qvantumlongevitycenter.com\/es\/wp-json\/wp\/v2\/pages\/1474","targetHints":{"allow":["GET"]}}],"collection":[{"href":"https:\/\/www.qvantumlongevitycenter.com\/es\/wp-json\/wp\/v2\/pages"}],"about":[{"href":"https:\/\/www.qvantumlongevitycenter.com\/es\/wp-json\/wp\/v2\/types\/page"}],"author":[{"embeddable":true,"href":"https:\/\/www.qvantumlongevitycenter.com\/es\/wp-json\/wp\/v2\/users\/2"}],"replies":[{"embeddable":true,"href":"https:\/\/www.qvantumlongevitycenter.com\/es\/wp-json\/wp\/v2\/comments?post=1474"}],"version-history":[{"count":1,"href":"https:\/\/www.qvantumlongevitycenter.com\/es\/wp-json\/wp\/v2\/pages\/1474\/revisions"}],"predecessor-version":[{"id":1475,"href":"https:\/\/www.qvantumlongevitycenter.com\/es\/wp-json\/wp\/v2\/pages\/1474\/revisions\/1475"}],"wp:attachment":[{"href":"https:\/\/www.qvantumlongevitycenter.com\/es\/wp-json\/wp\/v2\/media?parent=1474"}],"curies":[{"name":"wp","href":"https:\/\/api.w.org\/{rel}","templated":true}]}}