{"id":1493,"date":"2026-01-13T07:50:36","date_gmt":"2026-01-13T07:50:36","guid":{"rendered":"https:\/\/www.qvantumlongevitycenter.com\/seminarios-web\/"},"modified":"2026-01-31T15:20:19","modified_gmt":"2026-01-31T15:20:19","slug":"seminarios-web","status":"publish","type":"page","link":"https:\/\/www.qvantumlongevitycenter.com\/es\/seminarios-web\/","title":{"rendered":"Seminarios web"},"content":{"rendered":"\t\t<div data-elementor-type=\"wp-page\" data-elementor-id=\"1493\" class=\"elementor elementor-1493 elementor-1177\" data-elementor-post-type=\"page\">\n\t\t\t\t<div class=\"elementor-element elementor-element-ab78b90 e-flex e-con-boxed e-con e-parent\" data-id=\"ab78b90\" data-element_type=\"container\" data-e-type=\"container\">\n\t\t\t\t\t<div class=\"e-con-inner\">\n\t\t\t\t<div class=\"elementor-element elementor-element-321aff2 elementor-position-inline-start elementor-view-default elementor-mobile-position-block-start elementor-widget elementor-widget-icon-box\" data-id=\"321aff2\" data-element_type=\"widget\" data-e-type=\"widget\" data-widget_type=\"icon-box.default\">\n\t\t\t\t\t\t\t<div class=\"elementor-icon-box-wrapper\">\n\n\t\t\t\t\t\t<div class=\"elementor-icon-box-icon\">\n\t\t\t\t<span  class=\"elementor-icon\">\n\t\t\t\t<svg aria-hidden=\"true\" class=\"e-font-icon-svg e-far-calendar-alt\" viewBox=\"0 0 448 512\" xmlns=\"http:\/\/www.w3.org\/2000\/svg\"><path d=\"M148 288h-40c-6.6 0-12-5.4-12-12v-40c0-6.6 5.4-12 12-12h40c6.6 0 12 5.4 12 12v40c0 6.6-5.4 12-12 12zm108-12v-40c0-6.6-5.4-12-12-12h-40c-6.6 0-12 5.4-12 12v40c0 6.6 5.4 12 12 12h40c6.6 0 12-5.4 12-12zm96 0v-40c0-6.6-5.4-12-12-12h-40c-6.6 0-12 5.4-12 12v40c0 6.6 5.4 12 12 12h40c6.6 0 12-5.4 12-12zm-96 96v-40c0-6.6-5.4-12-12-12h-40c-6.6 0-12 5.4-12 12v40c0 6.6 5.4 12 12 12h40c6.6 0 12-5.4 12-12zm-96 0v-40c0-6.6-5.4-12-12-12h-40c-6.6 0-12 5.4-12 12v40c0 6.6 5.4 12 12 12h40c6.6 0 12-5.4 12-12zm192 0v-40c0-6.6-5.4-12-12-12h-40c-6.6 0-12 5.4-12 12v40c0 6.6 5.4 12 12 12h40c6.6 0 12-5.4 12-12zm96-260v352c0 26.5-21.5 48-48 48H48c-26.5 0-48-21.5-48-48V112c0-26.5 21.5-48 48-48h48V12c0-6.6 5.4-12 12-12h40c6.6 0 12 5.4 12 12v52h128V12c0-6.6 5.4-12 12-12h40c6.6 0 12 5.4 12 12v52h48c26.5 0 48 21.5 48 48zm-48 346V160H48v298c0 3.3 2.7 6 6 6h340c3.3 0 6-2.7 6-6z\"><\/path><\/svg>\t\t\t\t<\/span>\n\t\t\t<\/div>\n\t\t\t\n\t\t\t\t\t\t<div class=\"elementor-icon-box-content\">\n\n\t\t\t\t\t\t\t\t\t<h3 class=\"elementor-icon-box-title\">\n\t\t\t\t\t\t<span  >\n\t\t\t\t\t\t\tBienvenido al mundo QVANTUM: seminario web en directo con preguntas y respuestas\t\t\t\t\t\t<\/span>\n\t\t\t\t\t<\/h3>\n\t\t\t\t\n\t\t\t\t\t\t\t\t\t<p class=\"elementor-icon-box-description\">\n\t\t\t\t\t\t15 de enero de 2026 | 18:00 h\t\t\t\t\t<\/p>\n\t\t\t\t\n\t\t\t<\/div>\n\t\t\t\n\t\t<\/div>\n\t\t\t\t\t\t<\/div>\n\t\t\t\t\t<\/div>\n\t\t\t\t<\/div>\n\t\t<div class=\"elementor-element elementor-element-fa36684 e-flex e-con-boxed e-con e-parent\" data-id=\"fa36684\" data-element_type=\"container\" data-e-type=\"container\">\n\t\t\t\t\t<div class=\"e-con-inner\">\n\t\t<div class=\"elementor-element elementor-element-22ab482 e-con-full e-flex e-con e-child\" data-id=\"22ab482\" data-element_type=\"container\" data-e-type=\"container\">\n\t\t\t\t<div class=\"elementor-element elementor-element-76aa266 elementor-widget elementor-widget-image\" data-id=\"76aa266\" data-element_type=\"widget\" data-e-type=\"widget\" data-widget_type=\"image.default\">\n\t\t\t\t\t\t\t\t\t\t\t\t\t\t\t<img fetchpriority=\"high\" decoding=\"async\" width=\"800\" height=\"671\" src=\"https:\/\/www.qvantumlongevitycenter.com\/wp-content\/uploads\/2026\/01\/qvantum-webinar-2026-01-15.jpg\" class=\"attachment-large size-large wp-image-1492\" alt=\"\" srcset=\"https:\/\/www.qvantumlongevitycenter.com\/wp-content\/uploads\/2026\/01\/qvantum-webinar-2026-01-15.jpg 940w, https:\/\/www.qvantumlongevitycenter.com\/wp-content\/uploads\/2026\/01\/qvantum-webinar-2026-01-15-300x251.jpg 300w, https:\/\/www.qvantumlongevitycenter.com\/wp-content\/uploads\/2026\/01\/qvantum-webinar-2026-01-15-768x644.jpg 768w\" sizes=\"(max-width: 800px) 100vw, 800px\" \/>\t\t\t\t\t\t\t\t\t\t\t\t\t\t\t<\/div>\n\t\t\t\t<\/div>\n\t\t<div class=\"elementor-element elementor-element-8ef484a e-con-full e-flex e-con e-child\" data-id=\"8ef484a\" data-element_type=\"container\" data-e-type=\"container\">\n\t\t\t\t<div class=\"elementor-element elementor-element-cd90ce2 elementor-widget elementor-widget-text-editor\" data-id=\"cd90ce2\" data-element_type=\"widget\" data-e-type=\"widget\" data-widget_type=\"text-editor.default\">\n\t\t\t\t\t\t\t\t\t<p>En este seminario web interactivo en directo con el Dr. Stefan Fr\u00e4drich, obtendr\u00e1s informaci\u00f3n exclusiva sobre QVANTUM World, una innovadora combinaci\u00f3n de conciencia, salud y negocios.<\/p><p>Nuestros expertos responder\u00e1n en directo a tus preguntas sobre temas como:<\/p><p>\u2022 Concienciaci\u00f3n y desarrollo personal<\/p><p>\u2022 Salud integral y perspectivas m\u00e9dicas<\/p><p>\u2022 Negocios, emprendimiento y nuevas oportunidades de ingresos<\/p><p>\u2022 Comunidad, liderazgo y visiones de futuro de QVANTUM<\/p><p>Descubre c\u00f3mo interact\u00faan las tecnolog\u00edas modernas, los nuevos enfoques y las oportunidades empresariales, y c\u00f3mo puedes formar parte de este movimiento. Aprovecha la oportunidad de interactuar directamente con el fundador, expertos m\u00e9dicos y personalidades destacadas del \u00e1mbito de las ventas y el marketing, y plantea tus preguntas individuales. Abierto a todos aquellos que deseen aprender m\u00e1s sobre nuevas formas de abordar la salud, la conciencia y los negocios.  <\/p><p>\u00a1Esperamos tu participaci\u00f3n y tus preguntas!<\/p>\t\t\t\t\t\t\t\t<\/div>\n\t\t\t\t<div class=\"elementor-element elementor-element-bb8803d elementor-widget elementor-widget-button\" data-id=\"bb8803d\" data-element_type=\"widget\" data-e-type=\"widget\" data-widget_type=\"button.default\">\n\t\t\t\t\t\t\t\t\t\t<a class=\"elementor-button elementor-button-link elementor-size-sm\" href=\"https:\/\/zoom.us\/meeting\/register\/68Hvk1YOR66hENnjkOasCw#\/registration\" target=\"_blank\" rel=\"noopener\">\n\t\t\t\t\t\t<span class=\"elementor-button-content-wrapper\">\n\t\t\t\t\t\t\t\t\t<span class=\"elementor-button-text\">Reg\u00edstrese ahora de forma gratuita<\/span>\n\t\t\t\t\t<\/span>\n\t\t\t\t\t<\/a>\n\t\t\t\t\t\t\t\t<\/div>\n\t\t\t\t<\/div>\n\t\t\t\t\t<\/div>\n\t\t\t\t<\/div>\n\t\t\t\t<\/div>\n\t\t","protected":false},"excerpt":{"rendered":"<p>Bienvenido al mundo QVANTUM: seminario web en directo con preguntas y respuestas 15 de enero de 2026 | 18:00 h En este seminario web interactivo en directo con el Dr. Stefan Fr\u00e4drich, obtendr\u00e1s informaci\u00f3n exclusiva sobre QVANTUM World, una innovadora combinaci\u00f3n de conciencia, salud y negocios. Nuestros expertos responder\u00e1n en directo a tus preguntas sobre [&hellip;]<\/p>\n","protected":false},"author":2,"featured_media":0,"parent":0,"menu_order":8,"comment_status":"closed","ping_status":"closed","template":"","meta":{"_acf_changed":false,"footnotes":""},"class_list":["post-1493","page","type-page","status-publish","hentry"],"acf":[],"_links":{"self":[{"href":"https:\/\/www.qvantumlongevitycenter.com\/es\/wp-json\/wp\/v2\/pages\/1493","targetHints":{"allow":["GET"]}}],"collection":[{"href":"https:\/\/www.qvantumlongevitycenter.com\/es\/wp-json\/wp\/v2\/pages"}],"about":[{"href":"https:\/\/www.qvantumlongevitycenter.com\/es\/wp-json\/wp\/v2\/types\/page"}],"author":[{"embeddable":true,"href":"https:\/\/www.qvantumlongevitycenter.com\/es\/wp-json\/wp\/v2\/users\/2"}],"replies":[{"embeddable":true,"href":"https:\/\/www.qvantumlongevitycenter.com\/es\/wp-json\/wp\/v2\/comments?post=1493"}],"version-history":[{"count":1,"href":"https:\/\/www.qvantumlongevitycenter.com\/es\/wp-json\/wp\/v2\/pages\/1493\/revisions"}],"predecessor-version":[{"id":1494,"href":"https:\/\/www.qvantumlongevitycenter.com\/es\/wp-json\/wp\/v2\/pages\/1493\/revisions\/1494"}],"wp:attachment":[{"href":"https:\/\/www.qvantumlongevitycenter.com\/es\/wp-json\/wp\/v2\/media?parent=1493"}],"curies":[{"name":"wp","href":"https:\/\/api.w.org\/{rel}","templated":true}]}}