{"id":1508,"date":"2025-11-12T12:19:21","date_gmt":"2025-11-12T12:19:21","guid":{"rendered":"https:\/\/www.qvantumlongevitycenter.com\/proteccion-de-datos\/"},"modified":"2026-02-01T07:44:48","modified_gmt":"2026-02-01T07:44:48","slug":"politica-de-privacidad","status":"publish","type":"page","link":"https:\/\/www.qvantumlongevitycenter.com\/es\/politica-de-privacidad\/","title":{"rendered":"Pol\u00edtica de privacidad"},"content":{"rendered":"\t\t<div data-elementor-type=\"wp-page\" data-elementor-id=\"1508\" class=\"elementor elementor-1508 elementor-3\" data-elementor-post-type=\"page\">\n\t\t\t\t<div class=\"elementor-element elementor-element-271d314 e-flex e-con-boxed e-con e-parent\" data-id=\"271d314\" data-element_type=\"container\" data-e-type=\"container\">\n\t\t\t\t\t<div class=\"e-con-inner\">\n\t\t\t\t<div class=\"elementor-element elementor-element-661b7e6 elementor-widget elementor-widget-menu-anchor\" data-id=\"661b7e6\" data-element_type=\"widget\" data-e-type=\"widget\" data-widget_type=\"menu-anchor.default\">\n\t\t\t\t\t\t\t<div class=\"elementor-menu-anchor\" id=\"content-start\"><\/div>\n\t\t\t\t\t\t<\/div>\n\t\t\t\t<div class=\"elementor-element elementor-element-add1c14 elementor-widget elementor-widget-heading\" data-id=\"add1c14\" data-element_type=\"widget\" data-e-type=\"widget\" data-widget_type=\"heading.default\">\n\t\t\t\t\t<h2 class=\"elementor-heading-title elementor-size-default\">Pol\u00edtica de privacidad<\/h2>\t\t\t\t<\/div>\n\t\t\t\t<div class=\"elementor-element elementor-element-cb1feac elementor-widget elementor-widget-text-editor\" data-id=\"cb1feac\" data-element_type=\"widget\" data-e-type=\"widget\" data-widget_type=\"text-editor.default\">\n\t\t\t\t\t\t\t\t\t<p data-start=\"405\" data-end=\"468\">para <strong data-start=\"436\" data-end=\"466\">qvantumlongevitycenter.com<\/strong><\/p><p data-start=\"470\" data-end=\"562\"><strong data-start=\"470\" data-end=\"493\">1. Responsable<\/strong><br data-start=\"493\" data-end=\"496\">El responsable del tratamiento de datos en este sitio web es:<\/p><p><strong>Qvantum Longevity Center SL<\/strong>\u200b<\/p><p>Pj. Particular Guillen de Torrella, 1 <\/p><p>Planta 1, puerta E<\/p><p>E-07002 Palma<\/p><p data-start=\"645\" data-end=\"797\"><strong data-start=\"645\" data-end=\"698\">2. Informaci\u00f3n general sobre el tratamiento de datos<\/strong><br data-start=\"698\" data-end=\"701\">Al visitar nuestro sitio web, se recopila autom\u00e1ticamente informaci\u00f3n de car\u00e1cter general, por ejemplo:<\/p><ul data-start=\"798\" data-end=\"1191\"><li data-start=\"798\" data-end=\"812\"><p data-start=\"800\" data-end=\"812\">Direcci\u00f3n IP<\/p><\/li><li data-start=\"813\" data-end=\"840\"><p data-start=\"815\" data-end=\"840\">Tipo y versi\u00f3n del navegador<\/p><\/li><li data-start=\"841\" data-end=\"859\"><p data-start=\"843\" data-end=\"859\">Sistema operativo<\/p><\/li><li data-start=\"860\" data-end=\"1191\"><p data-start=\"862\" data-end=\"1191\">Hora de acceso<br data-start=\"882\" data-end=\"885\">Esta informaci\u00f3n se utiliza exclusivamente para garantizar el buen funcionamiento del sitio web y mejorar nuestra oferta. Estos datos no se combinan con otras fuentes de datos. La base jur\u00eddica es el <strong data-start=\"1133\" data-end=\"1188\">art\u00edculo 6, apartado 1, letra f) del RGPD<\/strong> (inter\u00e9s leg\u00edtimo).<\/p><\/li><\/ul><p data-start=\"1193\" data-end=\"1314\"><strong data-start=\"1193\" data-end=\"1216\">3. Formularios de contacto<\/strong><br data-start=\"1216\" data-end=\"1219\">Si se pone en contacto con nosotros a trav\u00e9s de nuestro formulario de contacto, recopilamos los siguientes datos:<\/p><ul data-start=\"1315\" data-end=\"1368\"><li data-start=\"1315\" data-end=\"1323\"><p data-start=\"1317\" data-end=\"1323\">Nombre<\/p><\/li><li data-start=\"1324\" data-end=\"1342\"><p data-start=\"1326\" data-end=\"1342\">Direcci\u00f3n de correo electr\u00f3nico<\/p><\/li><li data-start=\"1343\" data-end=\"1368\"><p data-start=\"1345\" data-end=\"1368\">Asunto y mensaje<\/p><\/li><\/ul><p data-start=\"1370\" data-end=\"1698\">El tratamiento se realiza para tramitar su solicitud sobre la base del art\u00edculo 6, apartado 1, letra b) del RGPD (medidas precontractuales) o del art\u00edculo 6, apartado 1, letra a) del RGPD (su consentimiento, si es necesario). Sus datos se eliminar\u00e1n una vez finalizado el tratamiento, siempre que no existan obligaciones legales de conservaci\u00f3n.<\/p><p data-start=\"1700\" data-end=\"1977\"><strong data-start=\"1700\" data-end=\"1743\">4. V\u00eddeos incrustados (YouTube, Vimeo)<\/strong><br data-start=\"1743\" data-end=\"1746\">Incorporamos v\u00eddeos de YouTube en modo de privacidad avanzada. Esto significa que los datos solo se transmiten a YouTube cuando reproduces el v\u00eddeo. YouTube puede recopilar informaci\u00f3n como su direcci\u00f3n IP.<\/p><ul data-start=\"1978\" data-end=\"2173\"><li data-start=\"1978\" data-end=\"2086\"><p data-start=\"1980\" data-end=\"2086\">Pol\u00edtica de privacidad de YouTube: <a class=\"decorated-link\" href=\"https:\/\/policies.google.com\/privacy\" target=\"_new\" rel=\"noopener\" data-start=\"2010\" data-end=\"2084\">https:\/\/policies.google.com\/privacy<\/a><\/p><\/li><li data-start=\"2087\" data-end=\"2173\"><p data-start=\"2089\" data-end=\"2173\">Pol\u00edtica de privacidad de Vimeo: <a class=\"decorated-link\" href=\"https:\/\/vimeo.com\/privacy\" target=\"_new\" rel=\"noopener\" data-start=\"2117\" data-end=\"2171\">https:\/\/vimeo.com\/privacy<\/a><\/p><\/li><\/ul><p data-start=\"2175\" data-end=\"2282\">La base jur\u00eddica es el <strong data-start=\"2199\" data-end=\"2254\">art\u00edculo 6, apartado 1, letra f) del RGPD<\/strong> (inter\u00e9s leg\u00edtimo) para mostrar contenidos.<\/p><p data-start=\"2284\" data-end=\"2566\"><strong data-start=\"2284\" data-end=\"2298\">5. Cookies<\/strong><br data-start=\"2298\" data-end=\"2301\">Actualmente, nuestro sitio web no utiliza cookies que procesen datos personales. Si en el futuro utilizamos cookies que sean relevantes para el tratamiento de datos personales, le informaremos previamente y, en su caso, solicitaremos su consentimiento. El formulario de contacto utilizado en este sitio web no utiliza cookies. Si en el futuro se utilizan herramientas antispam como reCAPTCHA, esto puede dar lugar al almacenamiento de cookies.<\/p><p data-start=\"2568\" data-end=\"2770\"><strong data-start=\"2568\" data-end=\"2595\">6. Transmisi\u00f3n de datos<\/strong><br data-start=\"2595\" data-end=\"2598\">Sus datos personales no se transmitir\u00e1n a terceros, salvo que as\u00ed lo exija la ley o sea t\u00e9cnicamente necesario (por ejemplo, proveedores de servicios de alojamiento).<\/p><p data-start=\"2772\" data-end=\"2954\"><strong data-start=\"2772\" data-end=\"2794\">7. Seguridad de los datos<\/strong><br data-start=\"2794\" data-end=\"2797\">Utilizamos medidas de seguridad t\u00e9cnicas y organizativas adecuadas para proteger sus datos contra el acceso no autorizado, la p\u00e9rdida o el uso indebido.<\/p><p data-start=\"2956\" data-end=\"3011\">8. Derechos de los usuarios<br data-start=\"2980\" data-end=\"2983\">Usted tiene los siguientes derechos:<\/p><ul data-start=\"3012\" data-end=\"3390\"><li data-start=\"3012\" data-end=\"3103\"><p data-start=\"3014\" data-end=\"3103\"><strong data-start=\"3014\" data-end=\"3026\">Informaci\u00f3n <\/strong>sobre los datos personales que almacenamos <strong data-start=\"3083\" data-end=\"3100\">(art. 15 del RGPD)<\/strong><\/p><\/li><li data-start=\"3104\" data-end=\"3162\"><p data-start=\"3106\" data-end=\"3162\"><strong data-start=\"3106\" data-end=\"3122\">Rectificaci\u00f3n <\/strong>de datos inexactos <strong data-start=\"3142\" data-end=\"3159\">(art. 16 del RGPD)<\/strong><\/p><\/li><li data-start=\"3163\" data-end=\"3211\"><p data-start=\"3165\" data-end=\"3211\"><strong data-start=\"3165\" data-end=\"3177\">Eliminaci\u00f3n <\/strong>de sus datos <strong data-start=\"3191\" data-end=\"3208\">(art. 17 del RGPD)<\/strong><\/p><\/li><li data-start=\"3212\" data-end=\"3270\"><p data-start=\"3214\" data-end=\"3270\"><strong data-start=\"3214\" data-end=\"3231\">Limitaci\u00f3n <\/strong>del tratamiento <strong data-start=\"3250\" data-end=\"3267\">(art. 18 del RGPD)<\/strong><\/p><\/li><li data-start=\"3271\" data-end=\"3319\"><p data-start=\"3273\" data-end=\"3319\"><strong data-start=\"3273\" data-end=\"3297\">Portabilidad <\/strong>de los datos <strong data-start=\"3299\" data-end=\"3316\">(art. 20 del RGPD)<\/strong><\/p><\/li><li data-start=\"3271\" data-end=\"3319\"><p data-start=\"3273\" data-end=\"3319\"><strong>Reclamaci\u00f3n ante una autoridad de control, en particular ante la Agencia Espa\u00f1ola de Protecci\u00f3n de Datos (AEPD): <a class=\"decorated-link\" href=\"https:\/\/www.aepd.es\" target=\"_new\" rel=\"noopener\" data-start=\"3304\" data-end=\"3346\">https:\/\/www.aepd.es<\/a><\/strong><\/p><\/li><\/ul><p data-start=\"3392\" data-end=\"3487\">Para ejercer sus derechos, p\u00f3ngase en contacto con nosotros a trav\u00e9s de la direcci\u00f3n de correo electr\u00f3nico indicada anteriormente.<\/p><p data-start=\"3489\" data-end=\"3736\"><strong data-start=\"3489\" data-end=\"3534\">9. Modificaciones de esta declaraci\u00f3n de protecci\u00f3n de datos<\/strong><br data-start=\"3534\" data-end=\"3537\">Nos reservamos el derecho a modificar esta declaraci\u00f3n de protecci\u00f3n de datos para adaptarla a los cambios en los requisitos legales o t\u00e9cnicos. La versi\u00f3n actualizada est\u00e1 disponible en nuestra p\u00e1gina web.<\/p><p data-start=\"3738\" data-end=\"3840\"><strong data-start=\"3738\" data-end=\"3767\">10. Nota sobre el aviso legal<\/strong><br data-start=\"3767\" data-end=\"3770\">Aqu\u00ed encontrar\u00e1 nuestro aviso legal completo: <\/p>\t\t\t\t\t\t\t\t<\/div>\n\t\t\t\t<div class=\"elementor-element elementor-element-c8d3e1a elementor-icon-list--layout-traditional elementor-list-item-link-full_width elementor-widget elementor-widget-icon-list\" data-id=\"c8d3e1a\" data-element_type=\"widget\" data-e-type=\"widget\" data-widget_type=\"icon-list.default\">\n\t\t\t\t\t\t\t<ul class=\"elementor-icon-list-items\">\n\t\t\t\t\t\t\t<li class=\"elementor-icon-list-item\">\n\t\t\t\t\t\t\t\t\t\t\t<a href=\"#elementor-action%3Aaction%3Dpopup%3Aopen%26settings%3DeyJpZCI6MTQxLCJ0b2dnbGUiOmZhbHNlfQ%3D%3D\">\n\n\t\t\t\t\t\t\t\t\t\t\t\t<span class=\"elementor-icon-list-icon\">\n\t\t\t\t\t\t\t<svg aria-hidden=\"true\" class=\"e-font-icon-svg e-fas-list\" viewBox=\"0 0 512 512\" xmlns=\"http:\/\/www.w3.org\/2000\/svg\"><path d=\"M80 368H16a16 16 0 0 0-16 16v64a16 16 0 0 0 16 16h64a16 16 0 0 0 16-16v-64a16 16 0 0 0-16-16zm0-320H16A16 16 0 0 0 0 64v64a16 16 0 0 0 16 16h64a16 16 0 0 0 16-16V64a16 16 0 0 0-16-16zm0 160H16a16 16 0 0 0-16 16v64a16 16 0 0 0 16 16h64a16 16 0 0 0 16-16v-64a16 16 0 0 0-16-16zm416 176H176a16 16 0 0 0-16 16v32a16 16 0 0 0 16 16h320a16 16 0 0 0 16-16v-32a16 16 0 0 0-16-16zm0-320H176a16 16 0 0 0-16 16v32a16 16 0 0 0 16 16h320a16 16 0 0 0 16-16V80a16 16 0 0 0-16-16zm0 160H176a16 16 0 0 0-16 16v32a16 16 0 0 0 16 16h320a16 16 0 0 0 16-16v-32a16 16 0 0 0-16-16z\"><\/path><\/svg>\t\t\t\t\t\t<\/span>\n\t\t\t\t\t\t\t\t\t\t<span class=\"elementor-icon-list-text\">Aviso legal<\/span>\n\t\t\t\t\t\t\t\t\t\t\t<\/a>\n\t\t\t\t\t\t\t\t\t<\/li>\n\t\t\t\t\t\t<\/ul>\n\t\t\t\t\t\t<\/div>\n\t\t\t\t<div class=\"elementor-element elementor-element-e80ae71 elementor-widget-divider--view-line_text elementor-widget-divider--element-align-center elementor-widget elementor-widget-divider\" data-id=\"e80ae71\" data-element_type=\"widget\" data-e-type=\"widget\" data-widget_type=\"divider.default\">\n\t\t\t\t\t\t\t<div class=\"elementor-divider\">\n\t\t\t<span class=\"elementor-divider-separator\">\n\t\t\t\t\t\t\t<span class=\"elementor-divider__text elementor-divider__element\">\n\t\t\t\tSituaci\u00f3n: enero de 2026\t\t\t\t<\/span>\n\t\t\t\t\t\t<\/span>\n\t\t<\/div>\n\t\t\t\t\t\t<\/div>\n\t\t\t\t\t<\/div>\n\t\t\t\t<\/div>\n\t\t\t\t<\/div>\n\t\t","protected":false},"excerpt":{"rendered":"<p>Pol\u00edtica de privacidad para qvantumlongevitycenter.com 1. ResponsableEl responsable del tratamiento de datos en este sitio web es: Qvantum Longevity Center SL\u200b Pj. Particular Guillen de Torrella, 1 Planta 1, puerta E E-07002 Palma 2. Informaci\u00f3n general sobre el tratamiento de datosAl visitar nuestro sitio web, se recopila autom\u00e1ticamente informaci\u00f3n de car\u00e1cter general, por ejemplo: Direcci\u00f3n [&hellip;]<\/p>\n","protected":false},"author":1,"featured_media":0,"parent":0,"menu_order":12,"comment_status":"closed","ping_status":"closed","template":"","meta":{"_acf_changed":false,"footnotes":""},"class_list":["post-1508","page","type-page","status-publish","hentry"],"acf":[],"_links":{"self":[{"href":"https:\/\/www.qvantumlongevitycenter.com\/es\/wp-json\/wp\/v2\/pages\/1508","targetHints":{"allow":["GET"]}}],"collection":[{"href":"https:\/\/www.qvantumlongevitycenter.com\/es\/wp-json\/wp\/v2\/pages"}],"about":[{"href":"https:\/\/www.qvantumlongevitycenter.com\/es\/wp-json\/wp\/v2\/types\/page"}],"author":[{"embeddable":true,"href":"https:\/\/www.qvantumlongevitycenter.com\/es\/wp-json\/wp\/v2\/users\/1"}],"replies":[{"embeddable":true,"href":"https:\/\/www.qvantumlongevitycenter.com\/es\/wp-json\/wp\/v2\/comments?post=1508"}],"version-history":[{"count":5,"href":"https:\/\/www.qvantumlongevitycenter.com\/es\/wp-json\/wp\/v2\/pages\/1508\/revisions"}],"predecessor-version":[{"id":1648,"href":"https:\/\/www.qvantumlongevitycenter.com\/es\/wp-json\/wp\/v2\/pages\/1508\/revisions\/1648"}],"wp:attachment":[{"href":"https:\/\/www.qvantumlongevitycenter.com\/es\/wp-json\/wp\/v2\/media?parent=1508"}],"curies":[{"name":"wp","href":"https:\/\/api.w.org\/{rel}","templated":true}]}}