{"id":1510,"date":"2025-11-13T22:43:23","date_gmt":"2025-11-13T22:43:23","guid":{"rendered":"https:\/\/www.qvantumlongevitycenter.com\/aviso-legal\/"},"modified":"2026-03-11T19:02:04","modified_gmt":"2026-03-11T19:02:04","slug":"aviso-legal","status":"publish","type":"page","link":"https:\/\/www.qvantumlongevitycenter.com\/es\/aviso-legal\/","title":{"rendered":"Aviso legal"},"content":{"rendered":"\t\t<div data-elementor-type=\"wp-page\" data-elementor-id=\"1510\" class=\"elementor elementor-1510 elementor-145\" data-elementor-post-type=\"page\">\n\t\t\t\t<div class=\"elementor-element elementor-element-d441a7e e-flex e-con-boxed e-con e-parent\" data-id=\"d441a7e\" data-element_type=\"container\" data-e-type=\"container\">\n\t\t\t\t\t<div class=\"e-con-inner\">\n\t\t\t\t<div class=\"elementor-element elementor-element-61fe7be elementor-widget elementor-widget-menu-anchor\" data-id=\"61fe7be\" data-element_type=\"widget\" data-e-type=\"widget\" data-widget_type=\"menu-anchor.default\">\n\t\t\t\t\t\t\t<div class=\"elementor-menu-anchor\" id=\"content-start\"><\/div>\n\t\t\t\t\t\t<\/div>\n\t\t\t\t<div class=\"elementor-element elementor-element-960464e elementor-widget elementor-widget-heading\" data-id=\"960464e\" data-element_type=\"widget\" data-e-type=\"widget\" data-widget_type=\"heading.default\">\n\t\t\t\t\t<h1 class=\"elementor-heading-title elementor-size-default\">Aviso legal<\/h1>\t\t\t\t<\/div>\n\t\t\t\t<div class=\"elementor-element elementor-element-bbc43d9 elementor-widget elementor-widget-heading\" data-id=\"bbc43d9\" data-element_type=\"widget\" data-e-type=\"widget\" data-widget_type=\"heading.default\">\n\t\t\t\t\t<h2 class=\"elementor-heading-title elementor-size-default\">Qvantum Longevity Center SL<\/h2>\t\t\t\t<\/div>\n\t\t\t\t<div class=\"elementor-element elementor-element-933ec9d elementor-widget elementor-widget-text-editor\" data-id=\"933ec9d\" data-element_type=\"widget\" data-e-type=\"widget\" data-widget_type=\"text-editor.default\">\n\t\t\t\t\t\t\t\t\t<p>Pj. Particular Guillen de Torrella, 1 <\/p><p>Planta 1, puerta E<\/p><p>E-07002 Palma<\/p>\t\t\t\t\t\t\t\t<\/div>\n\t\t\t\t<div class=\"elementor-element elementor-element-537d2e0 elementor-widget elementor-widget-heading\" data-id=\"537d2e0\" data-element_type=\"widget\" data-e-type=\"widget\" data-widget_type=\"heading.default\">\n\t\t\t\t\t<h2 class=\"elementor-heading-title elementor-size-default\">Representaci\u00f3n legal<\/h2>\t\t\t\t<\/div>\n\t\t\t\t<div class=\"elementor-element elementor-element-a8691ab elementor-widget elementor-widget-text-editor\" data-id=\"a8691ab\" data-element_type=\"widget\" data-e-type=\"widget\" data-widget_type=\"text-editor.default\">\n\t\t\t\t\t\t\t\t\t<p>Ren\u00e9 Knopf<\/p>\t\t\t\t\t\t\t\t<\/div>\n\t\t\t\t<div class=\"elementor-element elementor-element-1af0fc9 elementor-widget elementor-widget-heading\" data-id=\"1af0fc9\" data-element_type=\"widget\" data-e-type=\"widget\" data-widget_type=\"heading.default\">\n\t\t\t\t\t<h2 class=\"elementor-heading-title elementor-size-default\">N\u00famero de identificaci\u00f3n fiscal<\/h2>\t\t\t\t<\/div>\n\t\t\t\t<div class=\"elementor-element elementor-element-d8406e8 elementor-widget elementor-widget-text-editor\" data-id=\"d8406e8\" data-element_type=\"widget\" data-e-type=\"widget\" data-widget_type=\"text-editor.default\">\n\t\t\t\t\t\t\t\t\t<p>B23824576<\/p>\t\t\t\t\t\t\t\t<\/div>\n\t\t\t\t<div class=\"elementor-element elementor-element-06b0cd9 elementor-widget elementor-widget-heading\" data-id=\"06b0cd9\" data-element_type=\"widget\" data-e-type=\"widget\" data-widget_type=\"heading.default\">\n\t\t\t\t\t<h2 class=\"elementor-heading-title elementor-size-default\">Direcci\u00f3n administrativa<\/h2>\t\t\t\t<\/div>\n\t\t\t\t<div class=\"elementor-element elementor-element-f59b471 elementor-widget elementor-widget-text-editor\" data-id=\"f59b471\" data-element_type=\"widget\" data-e-type=\"widget\" data-widget_type=\"text-editor.default\">\n\t\t\t\t\t\t\t\t\t<p>Ren\u00e9 Knopf<\/p>\t\t\t\t\t\t\t\t<\/div>\n\t\t\t\t<div class=\"elementor-element elementor-element-e7d1307 elementor-widget elementor-widget-heading\" data-id=\"e7d1307\" data-element_type=\"widget\" data-e-type=\"widget\" data-widget_type=\"heading.default\">\n\t\t\t\t\t<h2 class=\"elementor-heading-title elementor-size-default\">Direcci\u00f3n m\u00e9dica<\/h2>\t\t\t\t<\/div>\n\t\t\t\t<div class=\"elementor-element elementor-element-512ddad elementor-widget elementor-widget-text-editor\" data-id=\"512ddad\" data-element_type=\"widget\" data-e-type=\"widget\" data-widget_type=\"text-editor.default\">\n\t\t\t\t\t\t\t\t\t<p>Dr. Marc Hoefeld-Fegeler<\/p>\t\t\t\t\t\t\t\t<\/div>\n\t\t\t\t<div class=\"elementor-element elementor-element-37e2816 elementor-widget elementor-widget-heading\" data-id=\"37e2816\" data-element_type=\"widget\" data-e-type=\"widget\" data-widget_type=\"heading.default\">\n\t\t\t\t\t<h2 class=\"elementor-heading-title elementor-size-default\">Datos de contacto<\/h2>\t\t\t\t<\/div>\n\t\t\t\t<div class=\"elementor-element elementor-element-8fe6790 elementor-widget elementor-widget-text-editor\" data-id=\"8fe6790\" data-element_type=\"widget\" data-e-type=\"widget\" data-widget_type=\"text-editor.default\">\n\t\t\t\t\t\t\t\t\t<p>+34 871 851 944<\/p><p>welcome@qvantumlongevitycenter.com<\/p><p>www.qvantumlongevitycenter.com<\/p>\t\t\t\t\t\t\t\t<\/div>\n\t\t\t\t<div class=\"elementor-element elementor-element-db97e6a elementor-widget elementor-widget-heading\" data-id=\"db97e6a\" data-element_type=\"widget\" data-e-type=\"widget\" data-widget_type=\"heading.default\">\n\t\t\t\t\t<h2 class=\"elementor-heading-title elementor-size-default\">Protecci\u00f3n de datos y privacidad<\/h2>\t\t\t\t<\/div>\n\t\t\t\t<div class=\"elementor-element elementor-element-a452800 elementor-widget elementor-widget-text-editor\" data-id=\"a452800\" data-element_type=\"widget\" data-e-type=\"widget\" data-widget_type=\"text-editor.default\">\n\t\t\t\t\t\t\t\t\t<p>Encontrar\u00e1 informaci\u00f3n sobre la protecci\u00f3n de datos y el tratamiento de sus datos personales en nuestra declaraci\u00f3n de <span style=\"color: #008080;\"><strong><a style=\"color: #008080;\" href=\"https:\/\/www.qvantumlongevitycenter.com\/es\/politica-de-privacidad\/\">protecci\u00f3n de datos<\/a><\/strong><\/span>.<\/p>\t\t\t\t\t\t\t\t<\/div>\n\t\t\t\t<div class=\"elementor-element elementor-element-3577bf4 elementor-widget elementor-widget-heading\" data-id=\"3577bf4\" data-element_type=\"widget\" data-e-type=\"widget\" data-widget_type=\"heading.default\">\n\t\t\t\t\t<h2 class=\"elementor-heading-title elementor-size-default\">Exenci\u00f3n de responsabilidad \/ Descargo de responsabilidad<\/h2>\t\t\t\t<\/div>\n\t\t\t\t<div class=\"elementor-element elementor-element-56cae46 elementor-widget elementor-widget-text-editor\" data-id=\"56cae46\" data-element_type=\"widget\" data-e-type=\"widget\" data-widget_type=\"text-editor.default\">\n\t\t\t\t\t\t\t\t\t<p>Aunque los contenidos han sido cuidadosamente revisados, Qvantum Longevity Center S.L. no se hace responsable de la veracidad de la informaci\u00f3n proporcionada ni del contenido de los enlaces externos.<\/p>\t\t\t\t\t\t\t\t<\/div>\n\t\t\t\t<div class=\"elementor-element elementor-element-583e110 elementor-widget elementor-widget-heading\" data-id=\"583e110\" data-element_type=\"widget\" data-e-type=\"widget\" data-widget_type=\"heading.default\">\n\t\t\t\t\t<h2 class=\"elementor-heading-title elementor-size-default\">Derechos de autor<\/h2>\t\t\t\t<\/div>\n\t\t\t\t<div class=\"elementor-element elementor-element-34dc9ba elementor-widget elementor-widget-text-editor\" data-id=\"34dc9ba\" data-element_type=\"widget\" data-e-type=\"widget\" data-widget_type=\"text-editor.default\">\n\t\t\t\t\t\t\t\t\t<p>Los contenidos y obras creados por el operador del sitio web en estas p\u00e1ginas est\u00e1n sujetos a derechos de autor. La reproducci\u00f3n, edici\u00f3n, distribuci\u00f3n y cualquier tipo de uso fuera de los l\u00edmites de los derechos de autor requieren el consentimiento por escrito del autor o creador correspondiente. Las descargas y copias de esta p\u00e1gina solo est\u00e1n permitidas para uso privado y no comercial. En la medida en que los contenidos de esta p\u00e1gina no hayan sido creados por el operador, se respetar\u00e1n los derechos de autor de terceros. En particular, los contenidos de terceros se identificar\u00e1n como tales. No obstante, si tiene conocimiento de alguna infracci\u00f3n de los derechos de autor, le rogamos que nos lo comunique. Tan pronto como tengamos conocimiento de cualquier infracci\u00f3n, eliminaremos dichos contenidos inmediatamente.      <\/p>\t\t\t\t\t\t\t\t<\/div>\n\t\t\t\t\t<\/div>\n\t\t\t\t<\/div>\n\t\t\t\t<\/div>\n\t\t","protected":false},"excerpt":{"rendered":"<p>Aviso legal Qvantum Longevity Center SL Pj. Particular Guillen de Torrella, 1 Planta 1, puerta E E-07002 Palma Representaci\u00f3n legal Ren\u00e9 Knopf N\u00famero de identificaci\u00f3n fiscal B23824576 Direcci\u00f3n administrativa Ren\u00e9 Knopf Direcci\u00f3n m\u00e9dica Dr. Marc Hoefeld-Fegeler Datos de contacto +34 871 851 944 welcome@qvantumlongevitycenter.com www.qvantumlongevitycenter.com Protecci\u00f3n de datos y privacidad Encontrar\u00e1 informaci\u00f3n sobre la protecci\u00f3n [&hellip;]<\/p>\n","protected":false},"author":2,"featured_media":0,"parent":0,"menu_order":13,"comment_status":"closed","ping_status":"closed","template":"","meta":{"_acf_changed":false,"footnotes":""},"class_list":["post-1510","page","type-page","status-publish","hentry"],"acf":[],"_links":{"self":[{"href":"https:\/\/www.qvantumlongevitycenter.com\/es\/wp-json\/wp\/v2\/pages\/1510","targetHints":{"allow":["GET"]}}],"collection":[{"href":"https:\/\/www.qvantumlongevitycenter.com\/es\/wp-json\/wp\/v2\/pages"}],"about":[{"href":"https:\/\/www.qvantumlongevitycenter.com\/es\/wp-json\/wp\/v2\/types\/page"}],"author":[{"embeddable":true,"href":"https:\/\/www.qvantumlongevitycenter.com\/es\/wp-json\/wp\/v2\/users\/2"}],"replies":[{"embeddable":true,"href":"https:\/\/www.qvantumlongevitycenter.com\/es\/wp-json\/wp\/v2\/comments?post=1510"}],"version-history":[{"count":7,"href":"https:\/\/www.qvantumlongevitycenter.com\/es\/wp-json\/wp\/v2\/pages\/1510\/revisions"}],"predecessor-version":[{"id":1896,"href":"https:\/\/www.qvantumlongevitycenter.com\/es\/wp-json\/wp\/v2\/pages\/1510\/revisions\/1896"}],"wp:attachment":[{"href":"https:\/\/www.qvantumlongevitycenter.com\/es\/wp-json\/wp\/v2\/media?parent=1510"}],"curies":[{"name":"wp","href":"https:\/\/api.w.org\/{rel}","templated":true}]}}